{"id":38561,"date":"2023-11-23T16:49:54","date_gmt":"2023-11-23T15:49:54","guid":{"rendered":"https:\/\/www.cmc-modelcars.de\/?post_type=product&#038;p=38561"},"modified":"2025-02-26T09:43:39","modified_gmt":"2025-02-26T08:43:39","slug":"cmc-porsche-904-carrera-gts-500-km-spa-1964-leon-dernier-43","status":"publish","type":"product","link":"https:\/\/www.cmc-modelcars.de\/en\/produkt\/cmc-porsche-904-carrera-gts-500-km-spa-1964-leon-dernier-43\/","title":{"rendered":"CMC Porsche 904 Carrera GTS, 500 km Spa 1964, Leon Dernier, #43"},"content":{"rendered":"<p>The highlights of 904-040 are largely associated with its first owner L\u00e9on Dernier, aka Eld\u00e9, of Belgium, who was a well-known sports car racer in the late 1950s and early 1960s. He first competed in the\u00a01953 Spa-Francorchamps.\u00a0The race was part of the newly created World Sportscar championship. But the\u00a0Peugeot 203 that he co-piloted with Claude Collard lost a wheel, and\u00a0the vehicle was disqualified by the use of unauthorised assistance.<\/p>\n<p>Two years later he took his standing in the top position at the\u00a024 Hours of Paris\u00a0in<\/p>\n<p>Montlh\u00e9ry, where he finished fifth overall with co-pilot\u00a0Charles de Cortanze. At the 24 Hours of Le Mans 1959, he placed 2nd overall, an achievement that he repeated in 1962. Both times, Jean Blaton was his teammate.<\/p>\n<p>During the 1960s he was on the Belgian racing teams Equipe Nationale Belge and the Ecurie Francorchamps, competing in the Belgian Touring Car Championship, the German Circuit Championship, and international sports car races. In the process, he largely campaigned Ferrari models, including 250 GT SWB, 250 LM, 250 GTO, 250 Testa Rossa, etc.<\/p>\n<p>Following his acquisition of 904-040 in 1964, Eld\u00e9 raced it in a series of hill climbs, finishing 1st overall at Laroche-Samre, 2nd overall both at Ste C\u00e9cil &#8211; Hauberment and Citadelle de Namur. During Eld\u00e9\u2018s ownership, 904-040 was entered in as many as eight races, next only to the 250 GT SWB he raced, but more than the other Ferrari models that he campaigned.<\/p>\n<p>Eld\u00e9\u2018s greatest successes were at 24-hour races. In 1964, he raced 904-040 with start number 43 to finish 8th in the GT2.0 class at 500 Km Spa on May 17, then placed 6th overall both at Zolder GP on July 19, and Rheinland Pfalz Preis Nurburgring on August 1. He appeared to participate in these races as a privateer with no known sponsor.<\/p>\n<p>After 904-040 clinched a 10th overall finish with a 2nd-place class win at 500 Km Spa 1965, it was sold to Verdoedt. Hoffman of Germany purchased the car from him and had it restored with a new body.<\/p>\n","protected":false},"excerpt":{"rendered":"<h3>Limited Edition 1500 pcs.<\/h3>\n<p><strong>Equipment features:<\/strong><br \/>\nExhaust system: Sebring<br \/>\nColor: Silver\/Red<\/p>\n<p>When the Porsche 904 debuted at the Solitude Circuit, Germany in November 1963, a plan was also in place to build it for a minimum of 100 vehicles so as to meet the FIA\u2019s regulations for homologation of a racing as well as road-legal vehicle.<\/p>\n","protected":false},"featured_media":46553,"template":"","meta":{"_acf_changed":false},"product_brand":[],"product_cat":[648,290,62,75,605,609,615],"product_tag":[],"class_list":{"0":"post-38561","1":"product","2":"type-product","3":"status-publish","4":"has-post-thumbnail","6":"product_cat-available-models","7":"product_cat-all-products","8":"product_cat-models-118","9":"product_cat-cmc-porsche","10":"product_cat-limited-editions","11":"product_cat-racing-sports-cars","12":"product_cat-post-war-vehicles","14":"first","15":"instock","16":"taxable","17":"shipping-taxable","18":"purchasable","19":"product-type-simple"},"acf":[],"yoast_head":"<!-- This site is optimized with the Yoast SEO plugin v27.4 - https:\/\/yoast.com\/product\/yoast-seo-wordpress\/ -->\n<title>CMC Porsche 904 Carrera GTS, 500 km Spa 1964, Leon Dernier, #43 - CMC GmbH &amp; Co. KG<\/title>\n<meta name=\"description\" content=\"Limited Edition 1500 pcs. Equipment features: Exhaust system: Sebring Color: Silver\/Red  When the Porsche 904 debuted at the Solitude Circuit, Germany in November 1963, a plan was also in place to build it for a minimum of 100 vehicles so as to meet the FIA\u2019s regulations for homologation of a racing as well as road-legal vehicle.\" \/>\n<meta name=\"robots\" content=\"index, follow, max-snippet:-1, max-image-preview:large, max-video-preview:-1\" \/>\n<link rel=\"canonical\" href=\"https:\/\/www.cmc-modelcars.de\/en\/produkt\/cmc-porsche-904-carrera-gts-500-km-spa-1964-leon-dernier-43\/\" \/>\n<meta property=\"og:locale\" content=\"en_US\" \/>\n<meta property=\"og:type\" content=\"article\" \/>\n<meta property=\"og:title\" content=\"CMC Porsche 904 Carrera GTS, 500 km Spa 1964, Leon Dernier, #43 - CMC GmbH &amp; Co. KG\" \/>\n<meta property=\"og:description\" content=\"Limited Edition 1500 pcs. Equipment features: Exhaust system: Sebring Color: Silver\/Red  When the Porsche 904 debuted at the Solitude Circuit, Germany in November 1963, a plan was also in place to build it for a minimum of 100 vehicles so as to meet the FIA\u2019s regulations for homologation of a racing as well as road-legal vehicle.\" \/>\n<meta property=\"og:url\" content=\"https:\/\/www.cmc-modelcars.de\/en\/produkt\/cmc-porsche-904-carrera-gts-500-km-spa-1964-leon-dernier-43\/\" \/>\n<meta property=\"og:site_name\" content=\"CMC GmbH &amp; Co. KG\" \/>\n<meta property=\"article:publisher\" content=\"https:\/\/www.facebook.com\/TWAUDiO\/\" \/>\n<meta property=\"article:modified_time\" content=\"2025-02-26T08:43:39+00:00\" \/>\n<meta property=\"og:image\" content=\"https:\/\/www.cmc-modelcars.de\/wp-content\/uploads\/2025\/01\/M-233-Porsche904-43-Hero-LR.jpg\" \/>\n\t<meta property=\"og:image:width\" content=\"1500\" \/>\n\t<meta property=\"og:image:height\" content=\"760\" \/>\n\t<meta property=\"og:image:type\" content=\"image\/jpeg\" \/>\n<meta name=\"twitter:card\" content=\"summary_large_image\" \/>\n<meta name=\"twitter:label1\" content=\"Est. reading time\" \/>\n\t<meta name=\"twitter:data1\" content=\"2 minutes\" \/>\n<script type=\"application\/ld+json\" class=\"yoast-schema-graph\">{\"@context\":\"https:\\\/\\\/schema.org\",\"@graph\":[{\"@type\":\"WebPage\",\"@id\":\"https:\\\/\\\/www.cmc-modelcars.de\\\/en\\\/produkt\\\/cmc-porsche-904-carrera-gts-500-km-spa-1964-leon-dernier-43\\\/\",\"url\":\"https:\\\/\\\/www.cmc-modelcars.de\\\/en\\\/produkt\\\/cmc-porsche-904-carrera-gts-500-km-spa-1964-leon-dernier-43\\\/\",\"name\":\"CMC Porsche 904 Carrera GTS, 500 km Spa 1964, Leon Dernier, #43 - CMC GmbH &amp; Co. KG\",\"isPartOf\":{\"@id\":\"https:\\\/\\\/www.cmc-modelcars.de\\\/#website\"},\"primaryImageOfPage\":{\"@id\":\"https:\\\/\\\/www.cmc-modelcars.de\\\/en\\\/produkt\\\/cmc-porsche-904-carrera-gts-500-km-spa-1964-leon-dernier-43\\\/#primaryimage\"},\"image\":{\"@id\":\"https:\\\/\\\/www.cmc-modelcars.de\\\/en\\\/produkt\\\/cmc-porsche-904-carrera-gts-500-km-spa-1964-leon-dernier-43\\\/#primaryimage\"},\"thumbnailUrl\":\"https:\\\/\\\/www.cmc-modelcars.de\\\/wp-content\\\/uploads\\\/2025\\\/01\\\/M-233-Porsche904-43-Hero-LR.jpg\",\"datePublished\":\"2023-11-23T15:49:54+00:00\",\"dateModified\":\"2025-02-26T08:43:39+00:00\",\"description\":\"Limited Edition 1500 pcs. Equipment features: Exhaust system: Sebring Color: Silver\\\/Red When the Porsche 904 debuted at the Solitude Circuit, Germany in November 1963, a plan was also in place to build it for a minimum of 100 vehicles so as to meet the FIA\u2019s regulations for homologation of a racing as well as road-legal vehicle.\",\"breadcrumb\":{\"@id\":\"https:\\\/\\\/www.cmc-modelcars.de\\\/en\\\/produkt\\\/cmc-porsche-904-carrera-gts-500-km-spa-1964-leon-dernier-43\\\/#breadcrumb\"},\"inLanguage\":\"en-US\",\"potentialAction\":[{\"@type\":\"ReadAction\",\"target\":[\"https:\\\/\\\/www.cmc-modelcars.de\\\/en\\\/produkt\\\/cmc-porsche-904-carrera-gts-500-km-spa-1964-leon-dernier-43\\\/\"]}]},{\"@type\":\"ImageObject\",\"inLanguage\":\"en-US\",\"@id\":\"https:\\\/\\\/www.cmc-modelcars.de\\\/en\\\/produkt\\\/cmc-porsche-904-carrera-gts-500-km-spa-1964-leon-dernier-43\\\/#primaryimage\",\"url\":\"https:\\\/\\\/www.cmc-modelcars.de\\\/wp-content\\\/uploads\\\/2025\\\/01\\\/M-233-Porsche904-43-Hero-LR.jpg\",\"contentUrl\":\"https:\\\/\\\/www.cmc-modelcars.de\\\/wp-content\\\/uploads\\\/2025\\\/01\\\/M-233-Porsche904-43-Hero-LR.jpg\",\"width\":1500,\"height\":760},{\"@type\":\"BreadcrumbList\",\"@id\":\"https:\\\/\\\/www.cmc-modelcars.de\\\/en\\\/produkt\\\/cmc-porsche-904-carrera-gts-500-km-spa-1964-leon-dernier-43\\\/#breadcrumb\",\"itemListElement\":[{\"@type\":\"ListItem\",\"position\":1,\"name\":\"Startseite\",\"item\":\"https:\\\/\\\/www.cmc-modelcars.de\\\/en\\\/\"},{\"@type\":\"ListItem\",\"position\":2,\"name\":\"Shop\",\"item\":\"https:\\\/\\\/www.cmc-modelcars.de\\\/en\\\/onlineshop\\\/\"},{\"@type\":\"ListItem\",\"position\":3,\"name\":\"CMC Porsche 904 Carrera GTS, 500 km Spa 1964, Leon Dernier, #43\"}]},{\"@type\":\"WebSite\",\"@id\":\"https:\\\/\\\/www.cmc-modelcars.de\\\/#website\",\"url\":\"https:\\\/\\\/www.cmc-modelcars.de\\\/\",\"name\":\"CMC Modelcars GmbH & Co. KG\",\"description\":\"Classic Model Cars\",\"potentialAction\":[{\"@type\":\"SearchAction\",\"target\":{\"@type\":\"EntryPoint\",\"urlTemplate\":\"https:\\\/\\\/www.cmc-modelcars.de\\\/?s={search_term_string}\"},\"query-input\":{\"@type\":\"PropertyValueSpecification\",\"valueRequired\":true,\"valueName\":\"search_term_string\"}}],\"inLanguage\":\"en-US\"}]}<\/script>\n<!-- \/ Yoast SEO plugin. -->","yoast_head_json":{"title":"CMC Porsche 904 Carrera GTS, 500 km Spa 1964, Leon Dernier, #43 - CMC GmbH &amp; Co. KG","description":"Limited Edition 1500 pcs. Equipment features: Exhaust system: Sebring Color: Silver\/Red  When the Porsche 904 debuted at the Solitude Circuit, Germany in November 1963, a plan was also in place to build it for a minimum of 100 vehicles so as to meet the FIA\u2019s regulations for homologation of a racing as well as road-legal vehicle.","robots":{"index":"index","follow":"follow","max-snippet":"max-snippet:-1","max-image-preview":"max-image-preview:large","max-video-preview":"max-video-preview:-1"},"canonical":"https:\/\/www.cmc-modelcars.de\/en\/produkt\/cmc-porsche-904-carrera-gts-500-km-spa-1964-leon-dernier-43\/","og_locale":"en_US","og_type":"article","og_title":"CMC Porsche 904 Carrera GTS, 500 km Spa 1964, Leon Dernier, #43 - CMC GmbH &amp; Co. KG","og_description":"Limited Edition 1500 pcs. Equipment features: Exhaust system: Sebring Color: Silver\/Red  When the Porsche 904 debuted at the Solitude Circuit, Germany in November 1963, a plan was also in place to build it for a minimum of 100 vehicles so as to meet the FIA\u2019s regulations for homologation of a racing as well as road-legal vehicle.","og_url":"https:\/\/www.cmc-modelcars.de\/en\/produkt\/cmc-porsche-904-carrera-gts-500-km-spa-1964-leon-dernier-43\/","og_site_name":"CMC GmbH &amp; Co. KG","article_publisher":"https:\/\/www.facebook.com\/TWAUDiO\/","article_modified_time":"2025-02-26T08:43:39+00:00","og_image":[{"width":1500,"height":760,"url":"https:\/\/www.cmc-modelcars.de\/wp-content\/uploads\/2025\/01\/M-233-Porsche904-43-Hero-LR.jpg","type":"image\/jpeg"}],"twitter_card":"summary_large_image","twitter_misc":{"Est. reading time":"2 minutes"},"schema":{"@context":"https:\/\/schema.org","@graph":[{"@type":"WebPage","@id":"https:\/\/www.cmc-modelcars.de\/en\/produkt\/cmc-porsche-904-carrera-gts-500-km-spa-1964-leon-dernier-43\/","url":"https:\/\/www.cmc-modelcars.de\/en\/produkt\/cmc-porsche-904-carrera-gts-500-km-spa-1964-leon-dernier-43\/","name":"CMC Porsche 904 Carrera GTS, 500 km Spa 1964, Leon Dernier, #43 - CMC GmbH &amp; Co. KG","isPartOf":{"@id":"https:\/\/www.cmc-modelcars.de\/#website"},"primaryImageOfPage":{"@id":"https:\/\/www.cmc-modelcars.de\/en\/produkt\/cmc-porsche-904-carrera-gts-500-km-spa-1964-leon-dernier-43\/#primaryimage"},"image":{"@id":"https:\/\/www.cmc-modelcars.de\/en\/produkt\/cmc-porsche-904-carrera-gts-500-km-spa-1964-leon-dernier-43\/#primaryimage"},"thumbnailUrl":"https:\/\/www.cmc-modelcars.de\/wp-content\/uploads\/2025\/01\/M-233-Porsche904-43-Hero-LR.jpg","datePublished":"2023-11-23T15:49:54+00:00","dateModified":"2025-02-26T08:43:39+00:00","description":"Limited Edition 1500 pcs. Equipment features: Exhaust system: Sebring Color: Silver\/Red When the Porsche 904 debuted at the Solitude Circuit, Germany in November 1963, a plan was also in place to build it for a minimum of 100 vehicles so as to meet the FIA\u2019s regulations for homologation of a racing as well as road-legal vehicle.","breadcrumb":{"@id":"https:\/\/www.cmc-modelcars.de\/en\/produkt\/cmc-porsche-904-carrera-gts-500-km-spa-1964-leon-dernier-43\/#breadcrumb"},"inLanguage":"en-US","potentialAction":[{"@type":"ReadAction","target":["https:\/\/www.cmc-modelcars.de\/en\/produkt\/cmc-porsche-904-carrera-gts-500-km-spa-1964-leon-dernier-43\/"]}]},{"@type":"ImageObject","inLanguage":"en-US","@id":"https:\/\/www.cmc-modelcars.de\/en\/produkt\/cmc-porsche-904-carrera-gts-500-km-spa-1964-leon-dernier-43\/#primaryimage","url":"https:\/\/www.cmc-modelcars.de\/wp-content\/uploads\/2025\/01\/M-233-Porsche904-43-Hero-LR.jpg","contentUrl":"https:\/\/www.cmc-modelcars.de\/wp-content\/uploads\/2025\/01\/M-233-Porsche904-43-Hero-LR.jpg","width":1500,"height":760},{"@type":"BreadcrumbList","@id":"https:\/\/www.cmc-modelcars.de\/en\/produkt\/cmc-porsche-904-carrera-gts-500-km-spa-1964-leon-dernier-43\/#breadcrumb","itemListElement":[{"@type":"ListItem","position":1,"name":"Startseite","item":"https:\/\/www.cmc-modelcars.de\/en\/"},{"@type":"ListItem","position":2,"name":"Shop","item":"https:\/\/www.cmc-modelcars.de\/en\/onlineshop\/"},{"@type":"ListItem","position":3,"name":"CMC Porsche 904 Carrera GTS, 500 km Spa 1964, Leon Dernier, #43"}]},{"@type":"WebSite","@id":"https:\/\/www.cmc-modelcars.de\/#website","url":"https:\/\/www.cmc-modelcars.de\/","name":"CMC Modelcars GmbH & Co. KG","description":"Classic Model Cars","potentialAction":[{"@type":"SearchAction","target":{"@type":"EntryPoint","urlTemplate":"https:\/\/www.cmc-modelcars.de\/?s={search_term_string}"},"query-input":{"@type":"PropertyValueSpecification","valueRequired":true,"valueName":"search_term_string"}}],"inLanguage":"en-US"}]}},"_links":{"self":[{"href":"https:\/\/www.cmc-modelcars.de\/en\/wp-json\/wp\/v2\/product\/38561","targetHints":{"allow":["GET"]}}],"collection":[{"href":"https:\/\/www.cmc-modelcars.de\/en\/wp-json\/wp\/v2\/product"}],"about":[{"href":"https:\/\/www.cmc-modelcars.de\/en\/wp-json\/wp\/v2\/types\/product"}],"wp:featuredmedia":[{"embeddable":true,"href":"https:\/\/www.cmc-modelcars.de\/en\/wp-json\/wp\/v2\/media\/46553"}],"wp:attachment":[{"href":"https:\/\/www.cmc-modelcars.de\/en\/wp-json\/wp\/v2\/media?parent=38561"}],"wp:term":[{"taxonomy":"product_brand","embeddable":true,"href":"https:\/\/www.cmc-modelcars.de\/en\/wp-json\/wp\/v2\/product_brand?post=38561"},{"taxonomy":"product_cat","embeddable":true,"href":"https:\/\/www.cmc-modelcars.de\/en\/wp-json\/wp\/v2\/product_cat?post=38561"},{"taxonomy":"product_tag","embeddable":true,"href":"https:\/\/www.cmc-modelcars.de\/en\/wp-json\/wp\/v2\/product_tag?post=38561"}],"curies":[{"name":"wp","href":"https:\/\/api.w.org\/{rel}","templated":true}]}}