{"id":29035,"date":"2023-01-20T14:30:47","date_gmt":"2023-01-20T13:30:47","guid":{"rendered":"https:\/\/www.cmc-modelcars.de\/?post_type=product&#038;p=29035"},"modified":"2024-07-17T08:36:31","modified_gmt":"2024-07-17T06:36:31","slug":"cmc-mercedes-benz-300-slr-uhlenhaut-coupe-grosser-preis-von-schweden","status":"publish","type":"product","link":"https:\/\/www.cmc-modelcars.de\/en\/produkt\/cmc-mercedes-benz-300-slr-uhlenhaut-coupe-grosser-preis-von-schweden\/","title":{"rendered":"CMC Mercedes-Benz 300\u2009SLR Coup\u00e9, Gro\u00dfer Preis von Schweden 1955, #15"},"content":{"rendered":"<p>When Rudolf Uhlenhaut, the father of the 300 SLR racer, travelled to the Mille Miglia in 1955 to see Mercedes&#8217; success at first hand, he also thought about equipping the 300 SLR racer with a closed cockpit for endurance events.<\/p>\n<p>His thoughts were realised in the form of a competition coup\u00e9 with a performance that no other road sports car could match. During a test on a closed section of motorway near Munich, the two-seater reached a speed of 290 km\/h. Impressed by its extraordinary performance during a 3500 km overland journey, the test reporter of the Swiss magazine Automobil Revue said:<\/p>\n<p>&#8220;We are driving a car that takes barely a second to overtake everyone else and for which 200 km\/h on a quiet motorway is little more than walking speed. With its insane handling in tight corners, the car seems to suspend the laws of centrifugal force&#8230;&#8221;<\/p>\n<p>The 300 SLR racer was based on the famous W196 Formula 1 championship car of the 1954\/55 season. The abbreviation SLR stands for Sport Leicht-Rennen. One of the most beautiful racing cars of all time, the new SLR was fitted with a slightly different straight eight-cylinder engine, which was expanded to 3 litres of displacement. Two of the nine 300 SLR rolling chassis, 0007\/55 and 0008\/55, were converted into 300 SLR coup\u00e9s with closed bodywork and gullwing doors. They were intended for use in the upcoming Carrera Panamericana.<\/p>\n<p>The body of the SLR Coup\u00e9 was clad in electron sheet, a magnesium alloy that is even lighter than aluminium. The semicircular windscreen offered very little air resistance. As in the SLR racer, the coup\u00e9 driver had to operate the pedals with his legs wide behind the steering wheel. Under the bonnet was a longitudinally mounted eight-cylinder engine, placed directly behind the front axle, developing a maximum torque of 234 Nm at 5950 rpm and a maximum power of 310 hp at 7400 rpm.<\/p>\n<p>Due to safety concerns following the tragic accident at Le Mans in June, Mercedes-Benz decided to withdraw from motorsport at the end of the 1955 season. As a result, the SLR coup\u00e9 project was shelved and never put into production. Subsequently, Rudolph Uhlenhaut took over one of the SLR Coup\u00e9s as a company car.<\/p>\n<p>With a weight of only 1,117 kg and a speed of 290 km\/h, the Uhlenhaut Coup\u00e9 was by far the fastest road car of its time in the world.<\/p>\n<p>Although the 300 SLR Coup\u00e9s were no longer used for real racing, the 0007\/55 chassis was no stranger to motorsport. It served the works racing team as a test car at the 1955 Swedish Grand Prix in June and the RAC Tourist Trophy in September. At the Targa Florio, the last round of the 1955 World Sports Car Championship, a total of 16,695 kilometres were eagerly tested to familiarise themselves with the 72-kilometre circuit and its 900 bends. The Mercedes team was no exception &#8211; Stirling Moss practised incessantly at the wheel of chassis 0007\/55. He damaged the car at the front right; the frame was warped at this point and the wishbones bent. But that didn&#8217;t stop him and Fangio from taking a one-two with their SLR racers at the Targa Florio on 16 October 1955.<\/p>\n","protected":false},"excerpt":{"rendered":"<h3><strong>Limitierte Auflage 1.000 St\u00fcck<br \/>\n<\/strong><\/h3>\n<p>Als Rudolf Uhlenhaut, der Vater des 300 SLR-Renners, 1955 zur Mille Miglia reiste, um sich den Erfolg von Mercedes hautnah anzusehen, dachte er auch dar\u00fcber nach, den 300 SLR-Renner f\u00fcr Langstrecken-Events auch mit geschlossenem Cockpit zu versehen. Seine \u00dcberlegungen wurden in Form eines Wettbewerbscoup\u00e9s mit einer Leistung verwirklicht, die kein anderer Stra\u00dfensportwagen erreichen konnte. Bei einem Test auf einem gesperrten Autobahnabschnitt bei M\u00fcnchen erreichte der Zweisitzer eine Geschwindigkeit von 290 km\/h.<\/p>\n<p>&nbsp;<\/p>\n","protected":false},"featured_media":35886,"template":"","meta":{"_acf_changed":false},"product_brand":[],"product_cat":[648,290,62,74,615],"product_tag":[],"class_list":{"0":"post-29035","1":"product","2":"type-product","3":"status-publish","4":"has-post-thumbnail","6":"product_cat-available-models","7":"product_cat-all-products","8":"product_cat-models-118","9":"product_cat-mercedes-benz","10":"product_cat-post-war-vehicles","12":"first","13":"instock","14":"taxable","15":"shipping-taxable","16":"purchasable","17":"product-type-simple"},"acf":[],"yoast_head":"<!-- This site is optimized with the Yoast SEO plugin v27.4 - https:\/\/yoast.com\/product\/yoast-seo-wordpress\/ -->\n<title>CMC Mercedes-Benz 300\u2009SLR Coup\u00e9, Gro\u00dfer Preis von Schweden 1955, #15 - CMC GmbH &amp; Co. KG<\/title>\n<meta name=\"description\" content=\"Limitierte Auflage 1.000 St\u00fcck  Als Rudolf Uhlenhaut, der Vater des 300 SLR-Renners, 1955 zur Mille Miglia reiste, um sich den Erfolg von Mercedes hautnah anzusehen, dachte er auch dar\u00fcber nach, den 300 SLR-Renner f\u00fcr Langstrecken-Events auch mit geschlossenem Cockpit zu versehen. Seine \u00dcberlegungen wurden in Form eines Wettbewerbscoup\u00e9s mit einer Leistung verwirklicht, die kein anderer Stra\u00dfensportwagen erreichen konnte. Bei einem Test auf einem gesperrten Autobahnabschnitt bei M\u00fcnchen erreichte der Zweisitzer eine Geschwindigkeit von 290 km\/h.  &nbsp;\" \/>\n<meta name=\"robots\" content=\"index, follow, max-snippet:-1, max-image-preview:large, max-video-preview:-1\" \/>\n<link rel=\"canonical\" href=\"https:\/\/www.cmc-modelcars.de\/en\/produkt\/cmc-mercedes-benz-300-slr-uhlenhaut-coupe-grosser-preis-von-schweden\/\" \/>\n<meta property=\"og:locale\" content=\"en_US\" \/>\n<meta property=\"og:type\" content=\"article\" \/>\n<meta property=\"og:title\" content=\"CMC Mercedes-Benz 300\u2009SLR Coup\u00e9, Gro\u00dfer Preis von Schweden 1955, #15 - CMC GmbH &amp; Co. KG\" \/>\n<meta property=\"og:description\" content=\"Limitierte Auflage 1.000 St\u00fcck  Als Rudolf Uhlenhaut, der Vater des 300 SLR-Renners, 1955 zur Mille Miglia reiste, um sich den Erfolg von Mercedes hautnah anzusehen, dachte er auch dar\u00fcber nach, den 300 SLR-Renner f\u00fcr Langstrecken-Events auch mit geschlossenem Cockpit zu versehen. Seine \u00dcberlegungen wurden in Form eines Wettbewerbscoup\u00e9s mit einer Leistung verwirklicht, die kein anderer Stra\u00dfensportwagen erreichen konnte. Bei einem Test auf einem gesperrten Autobahnabschnitt bei M\u00fcnchen erreichte der Zweisitzer eine Geschwindigkeit von 290 km\/h.  &nbsp;\" \/>\n<meta property=\"og:url\" content=\"https:\/\/www.cmc-modelcars.de\/en\/produkt\/cmc-mercedes-benz-300-slr-uhlenhaut-coupe-grosser-preis-von-schweden\/\" \/>\n<meta property=\"og:site_name\" content=\"CMC GmbH &amp; Co. KG\" \/>\n<meta property=\"article:publisher\" content=\"https:\/\/www.facebook.com\/TWAUDiO\/\" \/>\n<meta property=\"article:modified_time\" content=\"2024-07-17T06:36:31+00:00\" \/>\n<meta property=\"og:image\" content=\"https:\/\/www.cmc-modelcars.de\/wp-content\/uploads\/2022\/01\/M-244-Uhlenhaut-15-Hero2-LR.jpg\" \/>\n\t<meta property=\"og:image:width\" content=\"1500\" \/>\n\t<meta property=\"og:image:height\" content=\"760\" \/>\n\t<meta property=\"og:image:type\" content=\"image\/jpeg\" \/>\n<meta name=\"twitter:card\" content=\"summary_large_image\" \/>\n<meta name=\"twitter:title\" content=\"false\" \/>\n<meta name=\"twitter:description\" content=\"3\" \/>\n<meta name=\"twitter:label1\" content=\"Est. reading time\" \/>\n\t<meta name=\"twitter:data1\" content=\"4 minutes\" \/>\n<script type=\"application\/ld+json\" class=\"yoast-schema-graph\">{\"@context\":\"https:\\\/\\\/schema.org\",\"@graph\":[{\"@type\":\"WebPage\",\"@id\":\"https:\\\/\\\/www.cmc-modelcars.de\\\/en\\\/produkt\\\/cmc-mercedes-benz-300-slr-uhlenhaut-coupe-grosser-preis-von-schweden\\\/\",\"url\":\"https:\\\/\\\/www.cmc-modelcars.de\\\/en\\\/produkt\\\/cmc-mercedes-benz-300-slr-uhlenhaut-coupe-grosser-preis-von-schweden\\\/\",\"name\":\"CMC Mercedes-Benz 300\u2009SLR Coup\u00e9, Gro\u00dfer Preis von Schweden 1955, #15 - CMC GmbH &amp; Co. KG\",\"isPartOf\":{\"@id\":\"https:\\\/\\\/www.cmc-modelcars.de\\\/#website\"},\"primaryImageOfPage\":{\"@id\":\"https:\\\/\\\/www.cmc-modelcars.de\\\/en\\\/produkt\\\/cmc-mercedes-benz-300-slr-uhlenhaut-coupe-grosser-preis-von-schweden\\\/#primaryimage\"},\"image\":{\"@id\":\"https:\\\/\\\/www.cmc-modelcars.de\\\/en\\\/produkt\\\/cmc-mercedes-benz-300-slr-uhlenhaut-coupe-grosser-preis-von-schweden\\\/#primaryimage\"},\"thumbnailUrl\":\"https:\\\/\\\/www.cmc-modelcars.de\\\/wp-content\\\/uploads\\\/2022\\\/01\\\/M-244-Uhlenhaut-15-Hero2-LR.jpg\",\"datePublished\":\"2023-01-20T13:30:47+00:00\",\"dateModified\":\"2024-07-17T06:36:31+00:00\",\"description\":\"Limitierte Auflage 1.000 St\u00fcck Als Rudolf Uhlenhaut, der Vater des 300 SLR-Renners, 1955 zur Mille Miglia reiste, um sich den Erfolg von Mercedes hautnah anzusehen, dachte er auch dar\u00fcber nach, den 300 SLR-Renner f\u00fcr Langstrecken-Events auch mit geschlossenem Cockpit zu versehen. Seine \u00dcberlegungen wurden in Form eines Wettbewerbscoup\u00e9s mit einer Leistung verwirklicht, die kein anderer Stra\u00dfensportwagen erreichen konnte. Bei einem Test auf einem gesperrten Autobahnabschnitt bei M\u00fcnchen erreichte der Zweisitzer eine Geschwindigkeit von 290 km\\\/h. &nbsp;\",\"breadcrumb\":{\"@id\":\"https:\\\/\\\/www.cmc-modelcars.de\\\/en\\\/produkt\\\/cmc-mercedes-benz-300-slr-uhlenhaut-coupe-grosser-preis-von-schweden\\\/#breadcrumb\"},\"inLanguage\":\"en-US\",\"potentialAction\":[{\"@type\":\"ReadAction\",\"target\":[\"https:\\\/\\\/www.cmc-modelcars.de\\\/en\\\/produkt\\\/cmc-mercedes-benz-300-slr-uhlenhaut-coupe-grosser-preis-von-schweden\\\/\"]}]},{\"@type\":\"ImageObject\",\"inLanguage\":\"en-US\",\"@id\":\"https:\\\/\\\/www.cmc-modelcars.de\\\/en\\\/produkt\\\/cmc-mercedes-benz-300-slr-uhlenhaut-coupe-grosser-preis-von-schweden\\\/#primaryimage\",\"url\":\"https:\\\/\\\/www.cmc-modelcars.de\\\/wp-content\\\/uploads\\\/2022\\\/01\\\/M-244-Uhlenhaut-15-Hero2-LR.jpg\",\"contentUrl\":\"https:\\\/\\\/www.cmc-modelcars.de\\\/wp-content\\\/uploads\\\/2022\\\/01\\\/M-244-Uhlenhaut-15-Hero2-LR.jpg\",\"width\":1500,\"height\":760,\"caption\":\"M 244 Uhlenhaut 15 Hero2 Lr\"},{\"@type\":\"BreadcrumbList\",\"@id\":\"https:\\\/\\\/www.cmc-modelcars.de\\\/en\\\/produkt\\\/cmc-mercedes-benz-300-slr-uhlenhaut-coupe-grosser-preis-von-schweden\\\/#breadcrumb\",\"itemListElement\":[{\"@type\":\"ListItem\",\"position\":1,\"name\":\"Startseite\",\"item\":\"https:\\\/\\\/www.cmc-modelcars.de\\\/en\\\/\"},{\"@type\":\"ListItem\",\"position\":2,\"name\":\"Shop\",\"item\":\"https:\\\/\\\/www.cmc-modelcars.de\\\/en\\\/onlineshop\\\/\"},{\"@type\":\"ListItem\",\"position\":3,\"name\":\"CMC Mercedes-Benz 300\u2009SLR Coup\u00e9, Gro\u00dfer Preis von Schweden 1955, #15\"}]},{\"@type\":\"WebSite\",\"@id\":\"https:\\\/\\\/www.cmc-modelcars.de\\\/#website\",\"url\":\"https:\\\/\\\/www.cmc-modelcars.de\\\/\",\"name\":\"CMC Modelcars GmbH & Co. KG\",\"description\":\"Classic Model Cars\",\"potentialAction\":[{\"@type\":\"SearchAction\",\"target\":{\"@type\":\"EntryPoint\",\"urlTemplate\":\"https:\\\/\\\/www.cmc-modelcars.de\\\/?s={search_term_string}\"},\"query-input\":{\"@type\":\"PropertyValueSpecification\",\"valueRequired\":true,\"valueName\":\"search_term_string\"}}],\"inLanguage\":\"en-US\"}]}<\/script>\n<!-- \/ Yoast SEO plugin. -->","yoast_head_json":{"title":"CMC Mercedes-Benz 300\u2009SLR Coup\u00e9, Gro\u00dfer Preis von Schweden 1955, #15 - CMC GmbH &amp; Co. KG","description":"Limitierte Auflage 1.000 St\u00fcck  Als Rudolf Uhlenhaut, der Vater des 300 SLR-Renners, 1955 zur Mille Miglia reiste, um sich den Erfolg von Mercedes hautnah anzusehen, dachte er auch dar\u00fcber nach, den 300 SLR-Renner f\u00fcr Langstrecken-Events auch mit geschlossenem Cockpit zu versehen. Seine \u00dcberlegungen wurden in Form eines Wettbewerbscoup\u00e9s mit einer Leistung verwirklicht, die kein anderer Stra\u00dfensportwagen erreichen konnte. Bei einem Test auf einem gesperrten Autobahnabschnitt bei M\u00fcnchen erreichte der Zweisitzer eine Geschwindigkeit von 290 km\/h.  &nbsp;","robots":{"index":"index","follow":"follow","max-snippet":"max-snippet:-1","max-image-preview":"max-image-preview:large","max-video-preview":"max-video-preview:-1"},"canonical":"https:\/\/www.cmc-modelcars.de\/en\/produkt\/cmc-mercedes-benz-300-slr-uhlenhaut-coupe-grosser-preis-von-schweden\/","og_locale":"en_US","og_type":"article","og_title":"CMC Mercedes-Benz 300\u2009SLR Coup\u00e9, Gro\u00dfer Preis von Schweden 1955, #15 - CMC GmbH &amp; Co. KG","og_description":"Limitierte Auflage 1.000 St\u00fcck  Als Rudolf Uhlenhaut, der Vater des 300 SLR-Renners, 1955 zur Mille Miglia reiste, um sich den Erfolg von Mercedes hautnah anzusehen, dachte er auch dar\u00fcber nach, den 300 SLR-Renner f\u00fcr Langstrecken-Events auch mit geschlossenem Cockpit zu versehen. Seine \u00dcberlegungen wurden in Form eines Wettbewerbscoup\u00e9s mit einer Leistung verwirklicht, die kein anderer Stra\u00dfensportwagen erreichen konnte. Bei einem Test auf einem gesperrten Autobahnabschnitt bei M\u00fcnchen erreichte der Zweisitzer eine Geschwindigkeit von 290 km\/h.  &nbsp;","og_url":"https:\/\/www.cmc-modelcars.de\/en\/produkt\/cmc-mercedes-benz-300-slr-uhlenhaut-coupe-grosser-preis-von-schweden\/","og_site_name":"CMC GmbH &amp; Co. KG","article_publisher":"https:\/\/www.facebook.com\/TWAUDiO\/","article_modified_time":"2024-07-17T06:36:31+00:00","og_image":[{"width":1500,"height":760,"url":"https:\/\/www.cmc-modelcars.de\/wp-content\/uploads\/2022\/01\/M-244-Uhlenhaut-15-Hero2-LR.jpg","type":"image\/jpeg"}],"twitter_card":"summary_large_image","twitter_title":"false","twitter_description":"3","twitter_misc":{"Est. reading time":"4 minutes"},"schema":{"@context":"https:\/\/schema.org","@graph":[{"@type":"WebPage","@id":"https:\/\/www.cmc-modelcars.de\/en\/produkt\/cmc-mercedes-benz-300-slr-uhlenhaut-coupe-grosser-preis-von-schweden\/","url":"https:\/\/www.cmc-modelcars.de\/en\/produkt\/cmc-mercedes-benz-300-slr-uhlenhaut-coupe-grosser-preis-von-schweden\/","name":"CMC Mercedes-Benz 300\u2009SLR Coup\u00e9, Gro\u00dfer Preis von Schweden 1955, #15 - CMC GmbH &amp; Co. KG","isPartOf":{"@id":"https:\/\/www.cmc-modelcars.de\/#website"},"primaryImageOfPage":{"@id":"https:\/\/www.cmc-modelcars.de\/en\/produkt\/cmc-mercedes-benz-300-slr-uhlenhaut-coupe-grosser-preis-von-schweden\/#primaryimage"},"image":{"@id":"https:\/\/www.cmc-modelcars.de\/en\/produkt\/cmc-mercedes-benz-300-slr-uhlenhaut-coupe-grosser-preis-von-schweden\/#primaryimage"},"thumbnailUrl":"https:\/\/www.cmc-modelcars.de\/wp-content\/uploads\/2022\/01\/M-244-Uhlenhaut-15-Hero2-LR.jpg","datePublished":"2023-01-20T13:30:47+00:00","dateModified":"2024-07-17T06:36:31+00:00","description":"Limitierte Auflage 1.000 St\u00fcck Als Rudolf Uhlenhaut, der Vater des 300 SLR-Renners, 1955 zur Mille Miglia reiste, um sich den Erfolg von Mercedes hautnah anzusehen, dachte er auch dar\u00fcber nach, den 300 SLR-Renner f\u00fcr Langstrecken-Events auch mit geschlossenem Cockpit zu versehen. Seine \u00dcberlegungen wurden in Form eines Wettbewerbscoup\u00e9s mit einer Leistung verwirklicht, die kein anderer Stra\u00dfensportwagen erreichen konnte. Bei einem Test auf einem gesperrten Autobahnabschnitt bei M\u00fcnchen erreichte der Zweisitzer eine Geschwindigkeit von 290 km\/h. &nbsp;","breadcrumb":{"@id":"https:\/\/www.cmc-modelcars.de\/en\/produkt\/cmc-mercedes-benz-300-slr-uhlenhaut-coupe-grosser-preis-von-schweden\/#breadcrumb"},"inLanguage":"en-US","potentialAction":[{"@type":"ReadAction","target":["https:\/\/www.cmc-modelcars.de\/en\/produkt\/cmc-mercedes-benz-300-slr-uhlenhaut-coupe-grosser-preis-von-schweden\/"]}]},{"@type":"ImageObject","inLanguage":"en-US","@id":"https:\/\/www.cmc-modelcars.de\/en\/produkt\/cmc-mercedes-benz-300-slr-uhlenhaut-coupe-grosser-preis-von-schweden\/#primaryimage","url":"https:\/\/www.cmc-modelcars.de\/wp-content\/uploads\/2022\/01\/M-244-Uhlenhaut-15-Hero2-LR.jpg","contentUrl":"https:\/\/www.cmc-modelcars.de\/wp-content\/uploads\/2022\/01\/M-244-Uhlenhaut-15-Hero2-LR.jpg","width":1500,"height":760,"caption":"M 244 Uhlenhaut 15 Hero2 Lr"},{"@type":"BreadcrumbList","@id":"https:\/\/www.cmc-modelcars.de\/en\/produkt\/cmc-mercedes-benz-300-slr-uhlenhaut-coupe-grosser-preis-von-schweden\/#breadcrumb","itemListElement":[{"@type":"ListItem","position":1,"name":"Startseite","item":"https:\/\/www.cmc-modelcars.de\/en\/"},{"@type":"ListItem","position":2,"name":"Shop","item":"https:\/\/www.cmc-modelcars.de\/en\/onlineshop\/"},{"@type":"ListItem","position":3,"name":"CMC Mercedes-Benz 300\u2009SLR Coup\u00e9, Gro\u00dfer Preis von Schweden 1955, #15"}]},{"@type":"WebSite","@id":"https:\/\/www.cmc-modelcars.de\/#website","url":"https:\/\/www.cmc-modelcars.de\/","name":"CMC Modelcars GmbH & Co. KG","description":"Classic Model Cars","potentialAction":[{"@type":"SearchAction","target":{"@type":"EntryPoint","urlTemplate":"https:\/\/www.cmc-modelcars.de\/?s={search_term_string}"},"query-input":{"@type":"PropertyValueSpecification","valueRequired":true,"valueName":"search_term_string"}}],"inLanguage":"en-US"}]}},"_links":{"self":[{"href":"https:\/\/www.cmc-modelcars.de\/en\/wp-json\/wp\/v2\/product\/29035","targetHints":{"allow":["GET"]}}],"collection":[{"href":"https:\/\/www.cmc-modelcars.de\/en\/wp-json\/wp\/v2\/product"}],"about":[{"href":"https:\/\/www.cmc-modelcars.de\/en\/wp-json\/wp\/v2\/types\/product"}],"wp:featuredmedia":[{"embeddable":true,"href":"https:\/\/www.cmc-modelcars.de\/en\/wp-json\/wp\/v2\/media\/35886"}],"wp:attachment":[{"href":"https:\/\/www.cmc-modelcars.de\/en\/wp-json\/wp\/v2\/media?parent=29035"}],"wp:term":[{"taxonomy":"product_brand","embeddable":true,"href":"https:\/\/www.cmc-modelcars.de\/en\/wp-json\/wp\/v2\/product_brand?post=29035"},{"taxonomy":"product_cat","embeddable":true,"href":"https:\/\/www.cmc-modelcars.de\/en\/wp-json\/wp\/v2\/product_cat?post=29035"},{"taxonomy":"product_tag","embeddable":true,"href":"https:\/\/www.cmc-modelcars.de\/en\/wp-json\/wp\/v2\/product_tag?post=29035"}],"curies":[{"name":"wp","href":"https:\/\/api.w.org\/{rel}","templated":true}]}}