{"id":29033,"date":"2023-01-20T14:28:30","date_gmt":"2023-01-20T13:28:30","guid":{"rendered":"https:\/\/www.cmc-modelcars.de\/?post_type=product&#038;p=29033"},"modified":"2024-07-17T08:42:02","modified_gmt":"2024-07-17T06:42:02","slug":"cmc-mercedes-benz-300-slr-uhlenhaut-coupe-rac-tourist-trophy-1955-t1","status":"publish","type":"product","link":"https:\/\/www.cmc-modelcars.de\/en\/produkt\/cmc-mercedes-benz-300-slr-uhlenhaut-coupe-rac-tourist-trophy-1955-t1\/","title":{"rendered":"CMC Mercedes-Benz 300\u2009SLR Coup\u00e9, RAC Tourist Trophy 1955, #T1"},"content":{"rendered":"<p>Als Rudolf Uhlenhaut, der Vater des 300 SLR-Renners, 1955 zur Mille Miglia reiste, um sich den Erfolg von Mercedes hautnah anzusehen, dachte er auch dar\u00fcber nach, den 300 SLR-Renner f\u00fcr Langstrecken-Events auch mit geschlossenem Cockpit zu versehen.<\/p>\n<p>Seine \u00dcberlegungen wurden in Form eines Wettbewerbscoup\u00e9s mit einer Leistung verwirklicht, die kein anderer Stra\u00dfensportwagen erreichen konnte. Bei einem Test auf einem gesperrten Autobahnabschnitt bei M\u00fcnchen erreichte der Zweisitzer eine Geschwindigkeit von 290 km\/h. Beeindruckt von seiner au\u00dfergew\u00f6hnlichen Performance bei einer \u00dcberlandfahrt von 3500 km L\u00e4nge sagte der Testreporter der Schweizer Zeitschrift Automobil Revue:<\/p>\n<p>\u201eWir fahren ein Auto, das kaum eine Sekunde braucht, um alle anderen zu \u00fcberholen und f\u00fcr das 200 km\/h auf einer ruhigen Autobahn kaum mehr sind als Schrittgeschwindigkeit. Mit seinem wahnsinnigen Handling in engen Ecken scheint der Wagen die Gesetze der Fliehkraft auszuhebeln&#8230;\u201c<\/p>\n<p>Der 300 SLR Renner basierte auf dem ber\u00fchmten W196 Formel-1-Meistzerschaftswagen der Saison 1954\/55. Die Abk\u00fcrzung SLR steht f\u00fcr Sport Leicht-Rennen. Als einer der sch\u00f6nsten Rennwagen aller Zeiten wurde der neue SLR mit einem etwas anderen Reihen-Achtzylinder-Motor ausgestattet, der auf 3 Liter Hubraum erweitert wurde. Zwei der neun 300 SLR Rolling Chassis, 0007\/55 und 0008\/55, wurden zu 300 SLR Coup\u00e9s mit geschlossener Karosserie und Fl\u00fcgelt\u00fcren umgebaut. Sie waren f\u00fcr den Einsatz bei der bevorstehenden Carrera Panamericana vorgesehen.<\/p>\n<p>Die Karosserie des SLR-Coup\u00e9s wurde mit Elektronblech verkleidet, einer Magnesiumlegierung, die noch leichter als Aluminium ist. Die halbrunde Windschutzscheibe bot sehr wenig Luftwiderstand. Wie beim SLR-Renner musste der Coup\u00e9-Fahrer die Pedale breitbeinig hinter dem Lenkrad bedienen. Unter der Motorhaube befand sich ein l\u00e4ngs eingebauter Achtzylindermotor, der direkt hinter der Vorderachse platziert war und ein maximales Drehmoment von 234 Nm bei 5950 U\/min und eine maximale Leistung von 310 PS bei 7400 U\/min entwickelte.<\/p>\n<p>Aufgrund von Sicherheitsbedenken nach dem tragischen Unfall in Le Mans im Juni beschloss Mercedes-Benz, sich zum Ende der Saison 1955 aus dem Motorsport zur\u00fcckzuziehen. Infolgedessen wurde das SLR-Coup\u00e9-Projekt auf Eis gelegt und nie in Produktion genommen. Anschlie\u00dfend \u00fcbernahm Rudolph Uhlenhaut eines der SLR Coup\u00e9s als Dienstwagen.<\/p>\n<p>Mit einem Gewicht von nur 1.117 kg und einer Geschwindigkeit von 290 km\/h war das Uhlenhaut-Coup\u00e9 das mit Abstand schnellste Stra\u00dfenauto seiner Zeit weltweit.<\/p>\n<p>Obwohl mit den 300 SLR Coup\u00e9s kein wirklicher Rennsport mehr betrieben wurde, war das Fahrgestell 0007\/55 im Motorsport kein Unbekannter. Es diente dem Werksrennteam als Testwagen beim Gro\u00dfen Preis von Schweden 1955 im Juni und der RAC Tourist Trophy im September. Bei der Targa Florio, dem letzten Lauf zur Sportwagen-Weltmeisterschaft 1955 wurde auf insgesamt 16.695 Kilometern eifrig getestet, um sich mit dem 72 Kilometer langen Rundkurs und seinen 900 Kurven vertraut zu machen. Das Mercedes-Team bildete da keine Ausnahme \u2013 Stirling Moss trainierte unentwegt am Steuer des Chassis 0007\/55. Er besch\u00e4digte den Wagen vorne rechts; der Rahmen war an dieser Stelle verzogen und die Querlenker verbogen. Aber das hielt ihn und Fangio nicht davon ab, mit ihren SLR-Rennern bei der Targa Florio am 16. Oktober 1955 einen Doppelsieg zu erringen.<\/p>\n","protected":false},"excerpt":{"rendered":"<h3><strong>Limited Edition 1.000 pieces<br \/>\n<\/strong><\/h3>\n<p>Als Rudolf Uhlenhaut, der Vater des 300 SLR-Renners, 1955 zur Mille Miglia reiste, um sich den Erfolg von Mercedes hautnah anzusehen, dachte er auch dar\u00fcber nach, den 300 SLR-Renner f\u00fcr Langstrecken-Events auch mit geschlossenem Cockpit zu versehen. Seine \u00dcberlegungen wurden in Form eines Wettbewerbscoup\u00e9s mit einer Leistung verwirklicht, die kein anderer Stra\u00dfensportwagen erreichen konnte. Bei einem Test auf einem gesperrten Autobahnabschnitt bei M\u00fcnchen erreichte der Zweisitzer eine Geschwindigkeit von 290 km\/h.<\/p>\n<p>&nbsp;<\/p>\n","protected":false},"featured_media":35892,"template":"","meta":{"_acf_changed":false},"product_brand":[],"product_cat":[648,290,62,74,605,609,615],"product_tag":[],"class_list":{"0":"post-29033","1":"product","2":"type-product","3":"status-publish","4":"has-post-thumbnail","6":"product_cat-available-models","7":"product_cat-all-products","8":"product_cat-models-118","9":"product_cat-mercedes-benz","10":"product_cat-limited-editions","11":"product_cat-racing-sports-cars","12":"product_cat-post-war-vehicles","14":"first","15":"instock","16":"taxable","17":"shipping-taxable","18":"purchasable","19":"product-type-simple"},"acf":[],"yoast_head":"<!-- This site is optimized with the Yoast SEO plugin v27.4 - https:\/\/yoast.com\/product\/yoast-seo-wordpress\/ -->\n<title>CMC Mercedes-Benz 300\u2009SLR Coup\u00e9, RAC Tourist Trophy 1955, #T1 - CMC GmbH &amp; Co. KG<\/title>\n<meta name=\"description\" content=\"Limited Edition 1.000 pieces  Als Rudolf Uhlenhaut, der Vater des 300 SLR-Renners, 1955 zur Mille Miglia reiste, um sich den Erfolg von Mercedes hautnah anzusehen, dachte er auch dar\u00fcber nach, den 300 SLR-Renner f\u00fcr Langstrecken-Events auch mit geschlossenem Cockpit zu versehen. Seine \u00dcberlegungen wurden in Form eines Wettbewerbscoup\u00e9s mit einer Leistung verwirklicht, die kein anderer Stra\u00dfensportwagen erreichen konnte. Bei einem Test auf einem gesperrten Autobahnabschnitt bei M\u00fcnchen erreichte der Zweisitzer eine Geschwindigkeit von 290 km\/h.  &nbsp;\" \/>\n<meta name=\"robots\" content=\"index, follow, max-snippet:-1, max-image-preview:large, max-video-preview:-1\" \/>\n<link rel=\"canonical\" href=\"https:\/\/www.cmc-modelcars.de\/en\/produkt\/cmc-mercedes-benz-300-slr-uhlenhaut-coupe-rac-tourist-trophy-1955-t1\/\" \/>\n<meta property=\"og:locale\" content=\"en_US\" \/>\n<meta property=\"og:type\" content=\"article\" \/>\n<meta property=\"og:title\" content=\"CMC Mercedes-Benz 300\u2009SLR Coup\u00e9, RAC Tourist Trophy 1955, #T1 - CMC GmbH &amp; Co. KG\" \/>\n<meta property=\"og:description\" content=\"Limited Edition 1.000 pieces  Als Rudolf Uhlenhaut, der Vater des 300 SLR-Renners, 1955 zur Mille Miglia reiste, um sich den Erfolg von Mercedes hautnah anzusehen, dachte er auch dar\u00fcber nach, den 300 SLR-Renner f\u00fcr Langstrecken-Events auch mit geschlossenem Cockpit zu versehen. Seine \u00dcberlegungen wurden in Form eines Wettbewerbscoup\u00e9s mit einer Leistung verwirklicht, die kein anderer Stra\u00dfensportwagen erreichen konnte. Bei einem Test auf einem gesperrten Autobahnabschnitt bei M\u00fcnchen erreichte der Zweisitzer eine Geschwindigkeit von 290 km\/h.  &nbsp;\" \/>\n<meta property=\"og:url\" content=\"https:\/\/www.cmc-modelcars.de\/en\/produkt\/cmc-mercedes-benz-300-slr-uhlenhaut-coupe-rac-tourist-trophy-1955-t1\/\" \/>\n<meta property=\"og:site_name\" content=\"CMC GmbH &amp; Co. KG\" \/>\n<meta property=\"article:publisher\" content=\"https:\/\/www.facebook.com\/TWAUDiO\/\" \/>\n<meta property=\"article:modified_time\" content=\"2024-07-17T06:42:02+00:00\" \/>\n<meta property=\"og:image\" content=\"https:\/\/www.cmc-modelcars.de\/wp-content\/uploads\/2022\/01\/M-245-Uhlenhaut-T1-Hero2-LR.jpg\" \/>\n\t<meta property=\"og:image:width\" content=\"1500\" \/>\n\t<meta property=\"og:image:height\" content=\"760\" \/>\n\t<meta property=\"og:image:type\" content=\"image\/jpeg\" \/>\n<meta name=\"twitter:card\" content=\"summary_large_image\" \/>\n<meta name=\"twitter:label1\" content=\"Est. reading time\" \/>\n\t<meta name=\"twitter:data1\" content=\"3 minutes\" \/>\n<script type=\"application\/ld+json\" class=\"yoast-schema-graph\">{\"@context\":\"https:\\\/\\\/schema.org\",\"@graph\":[{\"@type\":\"WebPage\",\"@id\":\"https:\\\/\\\/www.cmc-modelcars.de\\\/en\\\/produkt\\\/cmc-mercedes-benz-300-slr-uhlenhaut-coupe-rac-tourist-trophy-1955-t1\\\/\",\"url\":\"https:\\\/\\\/www.cmc-modelcars.de\\\/en\\\/produkt\\\/cmc-mercedes-benz-300-slr-uhlenhaut-coupe-rac-tourist-trophy-1955-t1\\\/\",\"name\":\"CMC Mercedes-Benz 300\u2009SLR Coup\u00e9, RAC Tourist Trophy 1955, #T1 - CMC GmbH &amp; Co. KG\",\"isPartOf\":{\"@id\":\"https:\\\/\\\/www.cmc-modelcars.de\\\/#website\"},\"primaryImageOfPage\":{\"@id\":\"https:\\\/\\\/www.cmc-modelcars.de\\\/en\\\/produkt\\\/cmc-mercedes-benz-300-slr-uhlenhaut-coupe-rac-tourist-trophy-1955-t1\\\/#primaryimage\"},\"image\":{\"@id\":\"https:\\\/\\\/www.cmc-modelcars.de\\\/en\\\/produkt\\\/cmc-mercedes-benz-300-slr-uhlenhaut-coupe-rac-tourist-trophy-1955-t1\\\/#primaryimage\"},\"thumbnailUrl\":\"https:\\\/\\\/www.cmc-modelcars.de\\\/wp-content\\\/uploads\\\/2022\\\/01\\\/M-245-Uhlenhaut-T1-Hero2-LR.jpg\",\"datePublished\":\"2023-01-20T13:28:30+00:00\",\"dateModified\":\"2024-07-17T06:42:02+00:00\",\"description\":\"Limited Edition 1.000 pieces Als Rudolf Uhlenhaut, der Vater des 300 SLR-Renners, 1955 zur Mille Miglia reiste, um sich den Erfolg von Mercedes hautnah anzusehen, dachte er auch dar\u00fcber nach, den 300 SLR-Renner f\u00fcr Langstrecken-Events auch mit geschlossenem Cockpit zu versehen. Seine \u00dcberlegungen wurden in Form eines Wettbewerbscoup\u00e9s mit einer Leistung verwirklicht, die kein anderer Stra\u00dfensportwagen erreichen konnte. Bei einem Test auf einem gesperrten Autobahnabschnitt bei M\u00fcnchen erreichte der Zweisitzer eine Geschwindigkeit von 290 km\\\/h. &nbsp;\",\"breadcrumb\":{\"@id\":\"https:\\\/\\\/www.cmc-modelcars.de\\\/en\\\/produkt\\\/cmc-mercedes-benz-300-slr-uhlenhaut-coupe-rac-tourist-trophy-1955-t1\\\/#breadcrumb\"},\"inLanguage\":\"en-US\",\"potentialAction\":[{\"@type\":\"ReadAction\",\"target\":[\"https:\\\/\\\/www.cmc-modelcars.de\\\/en\\\/produkt\\\/cmc-mercedes-benz-300-slr-uhlenhaut-coupe-rac-tourist-trophy-1955-t1\\\/\"]}]},{\"@type\":\"ImageObject\",\"inLanguage\":\"en-US\",\"@id\":\"https:\\\/\\\/www.cmc-modelcars.de\\\/en\\\/produkt\\\/cmc-mercedes-benz-300-slr-uhlenhaut-coupe-rac-tourist-trophy-1955-t1\\\/#primaryimage\",\"url\":\"https:\\\/\\\/www.cmc-modelcars.de\\\/wp-content\\\/uploads\\\/2022\\\/01\\\/M-245-Uhlenhaut-T1-Hero2-LR.jpg\",\"contentUrl\":\"https:\\\/\\\/www.cmc-modelcars.de\\\/wp-content\\\/uploads\\\/2022\\\/01\\\/M-245-Uhlenhaut-T1-Hero2-LR.jpg\",\"width\":1500,\"height\":760,\"caption\":\"M 245 Uhlenhaut T1 Hero2 Lr\"},{\"@type\":\"BreadcrumbList\",\"@id\":\"https:\\\/\\\/www.cmc-modelcars.de\\\/en\\\/produkt\\\/cmc-mercedes-benz-300-slr-uhlenhaut-coupe-rac-tourist-trophy-1955-t1\\\/#breadcrumb\",\"itemListElement\":[{\"@type\":\"ListItem\",\"position\":1,\"name\":\"Startseite\",\"item\":\"https:\\\/\\\/www.cmc-modelcars.de\\\/en\\\/\"},{\"@type\":\"ListItem\",\"position\":2,\"name\":\"Shop\",\"item\":\"https:\\\/\\\/www.cmc-modelcars.de\\\/en\\\/onlineshop\\\/\"},{\"@type\":\"ListItem\",\"position\":3,\"name\":\"CMC Mercedes-Benz 300\u2009SLR Coup\u00e9, RAC Tourist Trophy 1955, #T1\"}]},{\"@type\":\"WebSite\",\"@id\":\"https:\\\/\\\/www.cmc-modelcars.de\\\/#website\",\"url\":\"https:\\\/\\\/www.cmc-modelcars.de\\\/\",\"name\":\"CMC Modelcars GmbH & Co. KG\",\"description\":\"Classic Model Cars\",\"potentialAction\":[{\"@type\":\"SearchAction\",\"target\":{\"@type\":\"EntryPoint\",\"urlTemplate\":\"https:\\\/\\\/www.cmc-modelcars.de\\\/?s={search_term_string}\"},\"query-input\":{\"@type\":\"PropertyValueSpecification\",\"valueRequired\":true,\"valueName\":\"search_term_string\"}}],\"inLanguage\":\"en-US\"}]}<\/script>\n<!-- \/ Yoast SEO plugin. -->","yoast_head_json":{"title":"CMC Mercedes-Benz 300\u2009SLR Coup\u00e9, RAC Tourist Trophy 1955, #T1 - CMC GmbH &amp; Co. KG","description":"Limited Edition 1.000 pieces  Als Rudolf Uhlenhaut, der Vater des 300 SLR-Renners, 1955 zur Mille Miglia reiste, um sich den Erfolg von Mercedes hautnah anzusehen, dachte er auch dar\u00fcber nach, den 300 SLR-Renner f\u00fcr Langstrecken-Events auch mit geschlossenem Cockpit zu versehen. Seine \u00dcberlegungen wurden in Form eines Wettbewerbscoup\u00e9s mit einer Leistung verwirklicht, die kein anderer Stra\u00dfensportwagen erreichen konnte. Bei einem Test auf einem gesperrten Autobahnabschnitt bei M\u00fcnchen erreichte der Zweisitzer eine Geschwindigkeit von 290 km\/h.  &nbsp;","robots":{"index":"index","follow":"follow","max-snippet":"max-snippet:-1","max-image-preview":"max-image-preview:large","max-video-preview":"max-video-preview:-1"},"canonical":"https:\/\/www.cmc-modelcars.de\/en\/produkt\/cmc-mercedes-benz-300-slr-uhlenhaut-coupe-rac-tourist-trophy-1955-t1\/","og_locale":"en_US","og_type":"article","og_title":"CMC Mercedes-Benz 300\u2009SLR Coup\u00e9, RAC Tourist Trophy 1955, #T1 - CMC GmbH &amp; Co. KG","og_description":"Limited Edition 1.000 pieces  Als Rudolf Uhlenhaut, der Vater des 300 SLR-Renners, 1955 zur Mille Miglia reiste, um sich den Erfolg von Mercedes hautnah anzusehen, dachte er auch dar\u00fcber nach, den 300 SLR-Renner f\u00fcr Langstrecken-Events auch mit geschlossenem Cockpit zu versehen. Seine \u00dcberlegungen wurden in Form eines Wettbewerbscoup\u00e9s mit einer Leistung verwirklicht, die kein anderer Stra\u00dfensportwagen erreichen konnte. Bei einem Test auf einem gesperrten Autobahnabschnitt bei M\u00fcnchen erreichte der Zweisitzer eine Geschwindigkeit von 290 km\/h.  &nbsp;","og_url":"https:\/\/www.cmc-modelcars.de\/en\/produkt\/cmc-mercedes-benz-300-slr-uhlenhaut-coupe-rac-tourist-trophy-1955-t1\/","og_site_name":"CMC GmbH &amp; Co. KG","article_publisher":"https:\/\/www.facebook.com\/TWAUDiO\/","article_modified_time":"2024-07-17T06:42:02+00:00","og_image":[{"width":1500,"height":760,"url":"https:\/\/www.cmc-modelcars.de\/wp-content\/uploads\/2022\/01\/M-245-Uhlenhaut-T1-Hero2-LR.jpg","type":"image\/jpeg"}],"twitter_card":"summary_large_image","twitter_misc":{"Est. reading time":"3 minutes"},"schema":{"@context":"https:\/\/schema.org","@graph":[{"@type":"WebPage","@id":"https:\/\/www.cmc-modelcars.de\/en\/produkt\/cmc-mercedes-benz-300-slr-uhlenhaut-coupe-rac-tourist-trophy-1955-t1\/","url":"https:\/\/www.cmc-modelcars.de\/en\/produkt\/cmc-mercedes-benz-300-slr-uhlenhaut-coupe-rac-tourist-trophy-1955-t1\/","name":"CMC Mercedes-Benz 300\u2009SLR Coup\u00e9, RAC Tourist Trophy 1955, #T1 - CMC GmbH &amp; Co. KG","isPartOf":{"@id":"https:\/\/www.cmc-modelcars.de\/#website"},"primaryImageOfPage":{"@id":"https:\/\/www.cmc-modelcars.de\/en\/produkt\/cmc-mercedes-benz-300-slr-uhlenhaut-coupe-rac-tourist-trophy-1955-t1\/#primaryimage"},"image":{"@id":"https:\/\/www.cmc-modelcars.de\/en\/produkt\/cmc-mercedes-benz-300-slr-uhlenhaut-coupe-rac-tourist-trophy-1955-t1\/#primaryimage"},"thumbnailUrl":"https:\/\/www.cmc-modelcars.de\/wp-content\/uploads\/2022\/01\/M-245-Uhlenhaut-T1-Hero2-LR.jpg","datePublished":"2023-01-20T13:28:30+00:00","dateModified":"2024-07-17T06:42:02+00:00","description":"Limited Edition 1.000 pieces Als Rudolf Uhlenhaut, der Vater des 300 SLR-Renners, 1955 zur Mille Miglia reiste, um sich den Erfolg von Mercedes hautnah anzusehen, dachte er auch dar\u00fcber nach, den 300 SLR-Renner f\u00fcr Langstrecken-Events auch mit geschlossenem Cockpit zu versehen. Seine \u00dcberlegungen wurden in Form eines Wettbewerbscoup\u00e9s mit einer Leistung verwirklicht, die kein anderer Stra\u00dfensportwagen erreichen konnte. Bei einem Test auf einem gesperrten Autobahnabschnitt bei M\u00fcnchen erreichte der Zweisitzer eine Geschwindigkeit von 290 km\/h. &nbsp;","breadcrumb":{"@id":"https:\/\/www.cmc-modelcars.de\/en\/produkt\/cmc-mercedes-benz-300-slr-uhlenhaut-coupe-rac-tourist-trophy-1955-t1\/#breadcrumb"},"inLanguage":"en-US","potentialAction":[{"@type":"ReadAction","target":["https:\/\/www.cmc-modelcars.de\/en\/produkt\/cmc-mercedes-benz-300-slr-uhlenhaut-coupe-rac-tourist-trophy-1955-t1\/"]}]},{"@type":"ImageObject","inLanguage":"en-US","@id":"https:\/\/www.cmc-modelcars.de\/en\/produkt\/cmc-mercedes-benz-300-slr-uhlenhaut-coupe-rac-tourist-trophy-1955-t1\/#primaryimage","url":"https:\/\/www.cmc-modelcars.de\/wp-content\/uploads\/2022\/01\/M-245-Uhlenhaut-T1-Hero2-LR.jpg","contentUrl":"https:\/\/www.cmc-modelcars.de\/wp-content\/uploads\/2022\/01\/M-245-Uhlenhaut-T1-Hero2-LR.jpg","width":1500,"height":760,"caption":"M 245 Uhlenhaut T1 Hero2 Lr"},{"@type":"BreadcrumbList","@id":"https:\/\/www.cmc-modelcars.de\/en\/produkt\/cmc-mercedes-benz-300-slr-uhlenhaut-coupe-rac-tourist-trophy-1955-t1\/#breadcrumb","itemListElement":[{"@type":"ListItem","position":1,"name":"Startseite","item":"https:\/\/www.cmc-modelcars.de\/en\/"},{"@type":"ListItem","position":2,"name":"Shop","item":"https:\/\/www.cmc-modelcars.de\/en\/onlineshop\/"},{"@type":"ListItem","position":3,"name":"CMC Mercedes-Benz 300\u2009SLR Coup\u00e9, RAC Tourist Trophy 1955, #T1"}]},{"@type":"WebSite","@id":"https:\/\/www.cmc-modelcars.de\/#website","url":"https:\/\/www.cmc-modelcars.de\/","name":"CMC Modelcars GmbH & Co. KG","description":"Classic Model Cars","potentialAction":[{"@type":"SearchAction","target":{"@type":"EntryPoint","urlTemplate":"https:\/\/www.cmc-modelcars.de\/?s={search_term_string}"},"query-input":{"@type":"PropertyValueSpecification","valueRequired":true,"valueName":"search_term_string"}}],"inLanguage":"en-US"}]}},"_links":{"self":[{"href":"https:\/\/www.cmc-modelcars.de\/en\/wp-json\/wp\/v2\/product\/29033","targetHints":{"allow":["GET"]}}],"collection":[{"href":"https:\/\/www.cmc-modelcars.de\/en\/wp-json\/wp\/v2\/product"}],"about":[{"href":"https:\/\/www.cmc-modelcars.de\/en\/wp-json\/wp\/v2\/types\/product"}],"wp:featuredmedia":[{"embeddable":true,"href":"https:\/\/www.cmc-modelcars.de\/en\/wp-json\/wp\/v2\/media\/35892"}],"wp:attachment":[{"href":"https:\/\/www.cmc-modelcars.de\/en\/wp-json\/wp\/v2\/media?parent=29033"}],"wp:term":[{"taxonomy":"product_brand","embeddable":true,"href":"https:\/\/www.cmc-modelcars.de\/en\/wp-json\/wp\/v2\/product_brand?post=29033"},{"taxonomy":"product_cat","embeddable":true,"href":"https:\/\/www.cmc-modelcars.de\/en\/wp-json\/wp\/v2\/product_cat?post=29033"},{"taxonomy":"product_tag","embeddable":true,"href":"https:\/\/www.cmc-modelcars.de\/en\/wp-json\/wp\/v2\/product_tag?post=29033"}],"curies":[{"name":"wp","href":"https:\/\/api.w.org\/{rel}","templated":true}]}}