{"id":504,"date":"2019-11-12T23:59:12","date_gmt":"2019-11-12T22:59:12","guid":{"rendered":"http:\/\/wp\/enfold-shop\/?page_id=16"},"modified":"2026-02-02T15:10:21","modified_gmt":"2026-02-02T14:10:21","slug":"home","status":"publish","type":"page","link":"https:\/\/www.cmc-modelcars.de\/en\/","title":{"rendered":"Home"},"content":{"rendered":"<\/div><\/div><\/div><!-- close content main div --><\/div><\/div><div   class='avia-fullscreen-slider main_color   container_wrap sidebar_right'  ><div  class='avia-slideshow av-jk9h9t0l-6409a52972fd37c07fbdadb11808c78e avia-slideshow-no scaling av_fullscreen avia-fade-slider av-slideshow-ui av-control-default av-slideshow-autoplay av-loop-once av-loop-manual-endless av-default-height-applied   avia-slideshow-1' data-slideshow-options=\"{&quot;animation&quot;:&quot;fade&quot;,&quot;autoplay&quot;:true,&quot;loop_autoplay&quot;:&quot;once&quot;,&quot;interval&quot;:5,&quot;loop_manual&quot;:&quot;manual-endless&quot;,&quot;autoplay_stopper&quot;:true,&quot;noNavigation&quot;:false,&quot;bg_slider&quot;:true,&quot;keep_padding&quot;:false,&quot;hoverpause&quot;:false,&quot;show_slide_delay&quot;:0,&quot;slide_height&quot;:&quot;100&quot;,&quot;image_attachment&quot;:&quot;scroll&quot;}\"  itemprop=\"image\" itemscope=\"itemscope\" itemtype=\"https:\/\/schema.org\/ImageObject\" ><ul class='avia-slideshow-inner ' style='padding-bottom: 45%;'><li style='background-position:center center;' data-img-url='https:\/\/www.cmc-modelcars.de\/wp-content\/uploads\/2026\/02\/slider_neuheiten2026-2.jpg' class='avia-slideshow-slide av-jk9h9t0l-6409a52972fd37c07fbdadb11808c78e__0  slide-1 slide-odd'><div data-rel='slideshow-1' class='avia-slide-wrap '   ><div class='av-slideshow-caption av-jk9h9t0l-6409a52972fd37c07fbdadb11808c78e__0 caption_fullwidth caption_right'><div class=\"container caption_container\"><div class=\"slideshow_caption\"><div class=\"slideshow_inner_caption\"><div class=\"slideshow_align_caption\"><h2 class='avia-caption-title '  itemprop=\"name\" >CMC Novelties 2026<\/h2><div class='avia-caption-content '  itemprop=\"description\" ><p>Unique details and handcrafted workmanship.<br \/>\nThis edition is a real collector&#8217;s item for<br \/>\nautomotive enthusiasts. <a href=\"https:\/\/www.cmc-modelcars.de\/en\/products\/pre-orderable-models\/\"><b>To the models \u00bb<\/b><\/a><\/p>\n<p><a href=\"https:\/\/www.cmc-modelcars.de\/wp-content\/uploads\/2026\/02\/CMC-Neuheit-2026-EN_20260202.pdf\"><b>To the press kit \u00bb<\/b><\/a><\/p>\n<\/div><\/div><\/div><\/div><\/div><\/div><\/div><\/li><li style='background-position:center center;' data-img-url='https:\/\/www.cmc-modelcars.de\/wp-content\/uploads\/2025\/12\/slider.jpg' class='avia-slideshow-slide av-jk9h9t0l-6409a52972fd37c07fbdadb11808c78e__1  slide-2 slide-even'><div data-rel='slideshow-1' class='avia-slide-wrap '   ><div class='av-slideshow-caption av-jk9h9t0l-6409a52972fd37c07fbdadb11808c78e__1 caption_fullwidth caption_right'><div class=\"container caption_container\"><div class=\"slideshow_caption\"><div class=\"slideshow_inner_caption\"><div class=\"slideshow_align_caption\"><h2 class='avia-caption-title '  itemprop=\"name\" >CMC Says Thank You!<\/h2><div class='avia-caption-content '  itemprop=\"description\" ><p>We are proud to have been recognized multiple times in the 2025 reader survey of MODELLFAHRZEUG magazine:<\/p>\n<p>\u2022 CMC \u2013 1st place in the Best Brand 1:18 Collecting<br \/>\n\u2022 CMC Ferrari 250 LM \u2013 2nd place as Supermodel 2025<br \/>\n\u2022 CMC Ferrari 250 LM \u2013 3rd place in the 1:18 Classic<\/p>\n<p>Ein gro\u00dfes Dankesch\u00f6n an alle Fans und Sammler, die f\u00fcr uns abgestimmt haben!<\/p>\n<p><a href=\"\/en\/products\/available-models\/\"><b>To the models \u00bb<\/b><\/a><\/p>\n<\/div><\/div><\/div><\/div><\/div><\/div><\/div><\/li><li style='background-position:center center;' data-img-url='https:\/\/www.cmc-modelcars.de\/wp-content\/uploads\/2025\/05\/Slider_CAD.jpg' class='avia-slideshow-slide av-jk9h9t0l-6409a52972fd37c07fbdadb11808c78e__2  slide-3 slide-odd'><div data-rel='slideshow-1' class='avia-slide-wrap '   ><div class='av-slideshow-caption av-jk9h9t0l-6409a52972fd37c07fbdadb11808c78e__2 caption_fullwidth caption_right'><div class=\"container caption_container\"><div class=\"slideshow_caption\"><div class=\"slideshow_inner_caption\"><div class=\"slideshow_align_caption\"><h2 class='avia-caption-title '  itemprop=\"name\" >CAD pictures of the CMC<\/p>\n<p>Mercedes W198 300 SL<\/h2><div class='avia-caption-content '  itemprop=\"description\" ><p>The next stage of development is ready, the first CAD images of the<br \/>\nvehicle have been produced. We would like to inform you about the latest<br \/>\ndevelopment status.<br \/>\nPlace a pre-order today, whether as a roadster,<br \/>\nhardtop or softtop version.<\/p>\n<p><a href=\"\/en\/products\/models-118\/mercedes-benz\/\"><b>To the models \u00bb<\/b><\/a><\/p>\n<\/div><\/div><\/div><\/div><\/div><\/div><\/div><\/li><li style='background-position:center center;' data-img-url='https:\/\/www.cmc-modelcars.de\/wp-content\/uploads\/2025\/07\/Slider_Ramp.jpg' class='avia-slideshow-slide av-jk9h9t0l-6409a52972fd37c07fbdadb11808c78e__3  slide-4 slide-even'><div data-rel='slideshow-1' class='avia-slide-wrap '   ><div class='av-slideshow-caption av-jk9h9t0l-6409a52972fd37c07fbdadb11808c78e__3 caption_fullwidth caption_right'><div class=\"container caption_container\"><div class=\"slideshow_caption\"><div class=\"slideshow_inner_caption\"><div class=\"slideshow_align_caption\"><h2 class='avia-caption-title '  itemprop=\"name\" >CMC Maserati Tipo 61 \"Birdcage\" \u2013 A Masterpiece of Model Art<\/h2><div class='avia-caption-content '  itemprop=\"description\" ><p>Featured in the renowned magazine &#8220;Ramp&#8221; \u2013 A symbol of craftsmanship and precision.<\/p>\n<p>Discover the stunning CMC Maserati Tipo 61, also known as the &#8220;Birdcage&#8221;. Every detail of this masterpiece is crafted with precision to capture the history and elegance of the original.<\/p>\n<p>Explore &amp; Order Now \u2013 While Supplies Last!<\/p>\n<p><a href=\"\/en\/products\/anniversary-products-30-years\/\"><b>To the model arts \u00bb<\/b><\/a><\/p>\n<\/div><\/div><\/div><\/div><\/div><\/div><\/div><\/li><li style='background-position:center center;' data-img-url='https:\/\/www.cmc-modelcars.de\/wp-content\/uploads\/2024\/09\/Newsslider-904-Walter-Magazin.jpg' class='avia-slideshow-slide av-jk9h9t0l-6409a52972fd37c07fbdadb11808c78e__4  slide-5 slide-odd'><div data-rel='slideshow-1' class='avia-slide-wrap '   ><div class='av-slideshow-caption av-jk9h9t0l-6409a52972fd37c07fbdadb11808c78e__4 caption_fullwidth caption_right'><div class=\"container caption_container\"><div class=\"slideshow_caption\"><div class=\"slideshow_inner_caption\"><div class=\"slideshow_align_caption\"><h2 class='avia-caption-title '  itemprop=\"name\" >CMC Porsche 904 Carrera GTS: A masterpiece in 1:18 scale<\/h2><div class='avia-caption-content '  itemprop=\"description\" ><p>As with all of our CMC models, precisely crafted details, high-quality materials, functional elements and history are important to us.<br \/>\nWe obviously captivated the editors of WALTER magazine &#8211; pre-order now; We are planning further variants to come in addition to the first three.<\/p>\n<p><a href=\"\/en\/products\/models-118\/cmc-porsche\/\"><b>To the models \u00bb<\/b><\/a><\/p>\n<p><a href=\"\/en\/press-archive\/cmc-porsche-904\/\"><b>To the press reports \u00bb<\/b><\/a><\/p>\n<\/div><\/div><\/div><\/div><\/div><\/div><\/div><\/li><li style='background-position:center center;' data-img-url='https:\/\/www.cmc-modelcars.de\/wp-content\/uploads\/2025\/06\/Slider_birdcage.jpg' class='avia-slideshow-slide av-jk9h9t0l-6409a52972fd37c07fbdadb11808c78e__5  slide-6 slide-even'><div data-rel='slideshow-1' class='avia-slide-wrap '   ><div class='av-slideshow-caption av-jk9h9t0l-6409a52972fd37c07fbdadb11808c78e__5 caption_fullwidth caption_right'><div class=\"container caption_container\"><div class=\"slideshow_caption\"><div class=\"slideshow_inner_caption\"><div class=\"slideshow_align_caption\"><h2 class='avia-caption-title '  itemprop=\"name\" >CMC Maserati Tipo 60\/61<\/p>\n<p>\u201cBirdcage\u201d - Limited Edition<\/h2><div class='avia-caption-content '  itemprop=\"description\" ><p>Unique details and handcrafted finish.<br \/>\nThis edition is a real collector&#8217;s item for car<br \/>\nlovers of automobile construction.<br \/>\nNow available!<\/p>\n<p><a href=\"\/en\/products\/models-118\/maserati\/\"><b>To the models \u00bb<\/b><\/a><\/p>\n<\/div><\/div><\/div><\/div><\/div><\/div><\/div><\/li><\/ul><div class='avia-slideshow-arrows avia-slideshow-controls' ><a href='#prev' class='prev-slide  avia-svg-icon avia-font-svg_entypo-fontello' data-av_svg_icon='left-open-big' data-av_iconset='svg_entypo-fontello' tabindex='-1' title=\"Previous\"><svg version=\"1.1\" xmlns=\"http:\/\/www.w3.org\/2000\/svg\" width=\"15\" height=\"32\" viewBox=\"0 0 15 32\" preserveAspectRatio=\"xMidYMid meet\" aria-labelledby='av-svg-title-1' aria-describedby='av-svg-desc-1' role=\"graphics-symbol\" aria-hidden=\"true\">\n<title id='av-svg-title-1'>Previous<\/title>\n<desc id='av-svg-desc-1'>Previous<\/desc>\n<path d=\"M14.464 27.84q0.832 0.832 0 1.536-0.832 0.832-1.536 0l-12.544-12.608q-0.768-0.768 0-1.6l12.544-12.608q0.704-0.832 1.536 0 0.832 0.704 0 1.536l-11.456 11.904z\"><\/path>\n<\/svg><span class='avia_hidden_link_text'>Previous<\/span><\/a><a href='#next' class='next-slide  avia-svg-icon avia-font-svg_entypo-fontello' data-av_svg_icon='right-open-big' data-av_iconset='svg_entypo-fontello' tabindex='-1' title=\"Next\"><svg version=\"1.1\" xmlns=\"http:\/\/www.w3.org\/2000\/svg\" width=\"15\" height=\"32\" viewBox=\"0 0 15 32\" preserveAspectRatio=\"xMidYMid meet\" aria-labelledby='av-svg-title-2' aria-describedby='av-svg-desc-2' role=\"graphics-symbol\" aria-hidden=\"true\">\n<title id='av-svg-title-2'>Next<\/title>\n<desc id='av-svg-desc-2'>Next<\/desc>\n<path d=\"M0.416 27.84l11.456-11.84-11.456-11.904q-0.832-0.832 0-1.536 0.832-0.832 1.536 0l12.544 12.608q0.768 0.832 0 1.6l-12.544 12.608q-0.704 0.832-1.536 0-0.832-0.704 0-1.536z\"><\/path>\n<\/svg><span class='avia_hidden_link_text'>Next<\/span><\/a><\/div><div class='avia-slideshow-dots avia-slideshow-controls'><a href='#1' class='goto-slide active' >1<\/a><a href='#2' class='goto-slide ' >2<\/a><a href='#3' class='goto-slide ' >3<\/a><a href='#4' class='goto-slide ' >4<\/a><a href='#5' class='goto-slide ' >5<\/a><a href='#6' class='goto-slide ' >6<\/a><\/div><\/div><\/div>\n","protected":false},"excerpt":{"rendered":"","protected":false},"author":1,"featured_media":0,"parent":0,"menu_order":1,"comment_status":"closed","ping_status":"closed","template":"","meta":{"_acf_changed":false,"footnotes":""},"class_list":["post-504","page","type-page","status-publish","hentry"],"acf":[],"yoast_head":"<!-- This site is optimized with the Yoast SEO plugin v27.3 - https:\/\/yoast.com\/product\/yoast-seo-wordpress\/ -->\n<title>Home - CMC GmbH &amp; Co. KG<\/title>\n<meta name=\"description\" content=\"CMC Modelcars. Each individual component is neatly mounted by hand. Instruments on the dash are mounted separately. Seats are covered either with textile or leather.\" \/>\n<meta name=\"robots\" content=\"index, follow, max-snippet:-1, max-image-preview:large, max-video-preview:-1\" \/>\n<link rel=\"canonical\" href=\"https:\/\/www.cmc-modelcars.de\/en\/\" \/>\n<meta property=\"og:locale\" content=\"en_US\" \/>\n<meta property=\"og:type\" content=\"article\" \/>\n<meta property=\"og:title\" content=\"Home - CMC GmbH &amp; Co. KG\" \/>\n<meta property=\"og:description\" content=\"CMC Modelcars. Each individual component is neatly mounted by hand. Instruments on the dash are mounted separately. Seats are covered either with textile or leather.\" \/>\n<meta property=\"og:url\" content=\"https:\/\/www.cmc-modelcars.de\/en\/\" \/>\n<meta property=\"og:site_name\" content=\"CMC GmbH &amp; Co. KG\" \/>\n<meta property=\"article:publisher\" content=\"https:\/\/www.facebook.com\/TWAUDiO\/\" \/>\n<meta property=\"article:modified_time\" content=\"2026-02-02T14:10:21+00:00\" \/>\n<meta name=\"twitter:card\" content=\"summary_large_image\" \/>\n<meta name=\"twitter:label1\" content=\"Est. reading time\" \/>\n\t<meta name=\"twitter:data1\" content=\"2 minutes\" \/>\n<script type=\"application\/ld+json\" class=\"yoast-schema-graph\">{\"@context\":\"https:\\\/\\\/schema.org\",\"@graph\":[{\"@type\":\"WebPage\",\"@id\":\"https:\\\/\\\/www.cmc-modelcars.de\\\/en\\\/\",\"url\":\"https:\\\/\\\/www.cmc-modelcars.de\\\/en\\\/\",\"name\":\"Home - CMC GmbH &amp; Co. KG\",\"isPartOf\":{\"@id\":\"https:\\\/\\\/www.cmc-modelcars.de\\\/#website\"},\"datePublished\":\"2019-11-12T22:59:12+00:00\",\"dateModified\":\"2026-02-02T14:10:21+00:00\",\"description\":\"CMC Modelcars. Each individual component is neatly mounted by hand. Instruments on the dash are mounted separately. Seats are covered either with textile or leather.\",\"breadcrumb\":{\"@id\":\"https:\\\/\\\/www.cmc-modelcars.de\\\/en\\\/#breadcrumb\"},\"inLanguage\":\"en-US\",\"potentialAction\":[{\"@type\":\"ReadAction\",\"target\":[\"https:\\\/\\\/www.cmc-modelcars.de\\\/en\\\/\"]}]},{\"@type\":\"BreadcrumbList\",\"@id\":\"https:\\\/\\\/www.cmc-modelcars.de\\\/en\\\/#breadcrumb\",\"itemListElement\":[{\"@type\":\"ListItem\",\"position\":1,\"name\":\"Startseite\",\"item\":\"https:\\\/\\\/www.cmc-modelcars.de\\\/en\\\/\"},{\"@type\":\"ListItem\",\"position\":2,\"name\":\"Home\"}]},{\"@type\":\"WebSite\",\"@id\":\"https:\\\/\\\/www.cmc-modelcars.de\\\/#website\",\"url\":\"https:\\\/\\\/www.cmc-modelcars.de\\\/\",\"name\":\"CMC Modelcars GmbH & Co. KG\",\"description\":\"Classic Model Cars\",\"potentialAction\":[{\"@type\":\"SearchAction\",\"target\":{\"@type\":\"EntryPoint\",\"urlTemplate\":\"https:\\\/\\\/www.cmc-modelcars.de\\\/?s={search_term_string}\"},\"query-input\":{\"@type\":\"PropertyValueSpecification\",\"valueRequired\":true,\"valueName\":\"search_term_string\"}}],\"inLanguage\":\"en-US\"}]}<\/script>\n<!-- \/ Yoast SEO plugin. -->","yoast_head_json":{"title":"Home - CMC GmbH &amp; Co. KG","description":"CMC Modelcars. Each individual component is neatly mounted by hand. Instruments on the dash are mounted separately. Seats are covered either with textile or leather.","robots":{"index":"index","follow":"follow","max-snippet":"max-snippet:-1","max-image-preview":"max-image-preview:large","max-video-preview":"max-video-preview:-1"},"canonical":"https:\/\/www.cmc-modelcars.de\/en\/","og_locale":"en_US","og_type":"article","og_title":"Home - CMC GmbH &amp; Co. KG","og_description":"CMC Modelcars. Each individual component is neatly mounted by hand. Instruments on the dash are mounted separately. Seats are covered either with textile or leather.","og_url":"https:\/\/www.cmc-modelcars.de\/en\/","og_site_name":"CMC GmbH &amp; Co. KG","article_publisher":"https:\/\/www.facebook.com\/TWAUDiO\/","article_modified_time":"2026-02-02T14:10:21+00:00","twitter_card":"summary_large_image","twitter_misc":{"Est. reading time":"2 minutes"},"schema":{"@context":"https:\/\/schema.org","@graph":[{"@type":"WebPage","@id":"https:\/\/www.cmc-modelcars.de\/en\/","url":"https:\/\/www.cmc-modelcars.de\/en\/","name":"Home - CMC GmbH &amp; Co. KG","isPartOf":{"@id":"https:\/\/www.cmc-modelcars.de\/#website"},"datePublished":"2019-11-12T22:59:12+00:00","dateModified":"2026-02-02T14:10:21+00:00","description":"CMC Modelcars. Each individual component is neatly mounted by hand. Instruments on the dash are mounted separately. Seats are covered either with textile or leather.","breadcrumb":{"@id":"https:\/\/www.cmc-modelcars.de\/en\/#breadcrumb"},"inLanguage":"en-US","potentialAction":[{"@type":"ReadAction","target":["https:\/\/www.cmc-modelcars.de\/en\/"]}]},{"@type":"BreadcrumbList","@id":"https:\/\/www.cmc-modelcars.de\/en\/#breadcrumb","itemListElement":[{"@type":"ListItem","position":1,"name":"Startseite","item":"https:\/\/www.cmc-modelcars.de\/en\/"},{"@type":"ListItem","position":2,"name":"Home"}]},{"@type":"WebSite","@id":"https:\/\/www.cmc-modelcars.de\/#website","url":"https:\/\/www.cmc-modelcars.de\/","name":"CMC Modelcars GmbH & Co. KG","description":"Classic Model Cars","potentialAction":[{"@type":"SearchAction","target":{"@type":"EntryPoint","urlTemplate":"https:\/\/www.cmc-modelcars.de\/?s={search_term_string}"},"query-input":{"@type":"PropertyValueSpecification","valueRequired":true,"valueName":"search_term_string"}}],"inLanguage":"en-US"}]}},"_links":{"self":[{"href":"https:\/\/www.cmc-modelcars.de\/en\/wp-json\/wp\/v2\/pages\/504","targetHints":{"allow":["GET"]}}],"collection":[{"href":"https:\/\/www.cmc-modelcars.de\/en\/wp-json\/wp\/v2\/pages"}],"about":[{"href":"https:\/\/www.cmc-modelcars.de\/en\/wp-json\/wp\/v2\/types\/page"}],"author":[{"embeddable":true,"href":"https:\/\/www.cmc-modelcars.de\/en\/wp-json\/wp\/v2\/users\/1"}],"replies":[{"embeddable":true,"href":"https:\/\/www.cmc-modelcars.de\/en\/wp-json\/wp\/v2\/comments?post=504"}],"version-history":[{"count":0,"href":"https:\/\/www.cmc-modelcars.de\/en\/wp-json\/wp\/v2\/pages\/504\/revisions"}],"wp:attachment":[{"href":"https:\/\/www.cmc-modelcars.de\/en\/wp-json\/wp\/v2\/media?parent=504"}],"curies":[{"name":"wp","href":"https:\/\/api.w.org\/{rel}","templated":true}]}}